{"id":1511,"date":"2018-08-30T15:14:16","date_gmt":"2018-08-30T15:14:16","guid":{"rendered":"http:\/\/www.latinasentoronto.org\/cuentame\/?page_id=1511"},"modified":"2019-09-02T21:58:44","modified_gmt":"2019-09-02T21:58:44","slug":"inicio","status":"publish","type":"page","link":"https:\/\/www.latinasentoronto.org\/cuentame\/inicio\/","title":{"rendered":"INICIO"},"content":{"rendered":"<p>[vc_row][vc_column][vc_column_text]<\/p>\n<h3><span style=\"color: #ffffff;\">&#8230;&#8230;&#8230;&#8230;&#8230;&#8230;&#8230;&#8230;<\/span><\/h3>\n<p>[\/vc_column_text][\/vc_column][\/vc_row][vc_row][vc_column width=\u00bb1\/6&#8243;][\/vc_column][vc_column width=\u00bb2\/3&#8243;][vc_column_text]<\/p>\n<p style=\"text-align: center;\"><img loading=\"lazy\" decoding=\"async\" class=\"alignnone wp-image-818 size-full\" src=\"http:\/\/www.latinasentoronto.org\/cuentame\/wp-content\/uploads\/2018\/05\/logo550.png\" alt=\"\" width=\"450\" height=\"167\" srcset=\"https:\/\/www.latinasentoronto.org\/cuentame\/wp-content\/uploads\/2018\/05\/logo550.png 450w, https:\/\/www.latinasentoronto.org\/cuentame\/wp-content\/uploads\/2018\/05\/logo550-300x111.png 300w\" sizes=\"auto, (max-width: 450px) 100vw, 450px\" \/><\/p>\n<p>[\/vc_column_text][vc_column_text css_animation=\u00bbfadeInUp\u00bb]<\/p>\n<h4 style=\"font-size: 29px; line-height: 44px !important; text-align: center;\">UN PROYECTO DE DI\u00c1LOGO, MEMORIA, CONSTRUCCI\u00d3N COMUNITARIA Y EMPODERAMIENTO<\/h4>\n<p>[\/vc_column_text][vc_column_text]<\/p>\n<p style=\"font-size: 18px; color: #888888; text-align: center;\">El di\u00e1logo, la curiosidad y la investigaci\u00f3n como instrumentos para conocer m\u00e1s y reconocer debidamente el rol jugado por las y los inmigrantes en la construcci\u00f3n cont\u00ednua de una sociedad crecientemente diversa, multicultural e inclusiva.<\/p>\n<p>[\/vc_column_text][\/vc_column][vc_column width=\u00bb1\/6&#8243;][\/vc_column][\/vc_row][vc_row full_width=\u00bbstretch_row_content_no_spaces\u00bb equal_height=\u00bbyes\u00bb css=\u00bb.vc_custom_1526776954260{background-color: #f5f5f5 !important;}\u00bb][vc_column width=\u00bb1\/2&#8243; css=\u00bb.vc_custom_1526073662724{background-image: url(http:\/\/www.latinasentoronto.org\/cuentame\/wp-content\/uploads\/2018\/05\/agricultorblanco.jpg?id=843) !important;background-position: center !important;background-repeat: no-repeat !important;background-size: cover !important;}\u00bb][\/vc_column][vc_column width=\u00bb1\/2&#8243; css=\u00bb.vc_custom_1526559130199{padding-top: 10% !important;padding-right: 15% !important;padding-bottom: 10% !important;padding-left: 15% !important;}\u00bb][vc_column_text css_animation=\u00bbfadeInUp\u00bb]<\/p>\n<h3 style=\"font-size: 29px; line-height: 44px !important;\">LA UNIFORMIDAD ILUSORIA Y ESTEREOTIPADA&#8230;<\/h3>\n<p>[\/vc_column_text][vc_column_text]<\/p>\n<p style=\"font-size: 18px; color: #888;\">Haremos un recorrido que comenzar\u00e1 en el momento en que la creencia en la existencia de razas superiores era el elemento central en la definici\u00f3n de las pol\u00edticas inmigratorias.<\/p>\n<p style=\"font-size: 18px; color: #888;\">Y nos detendremos a conocer a quienes debieron sufrir los efectos m\u00e1s perniciosos de esas creencias para comprender las razones que, una vez finalizada la Segunda Guerra Mundial, evidenciaron su sin sentido determinando su fracaso y -felizmente- su abandono.<\/p>\n<p style=\"font-size: 18px; color: #888;\">Fue el fin de un mal sue\u00f1o y el comienzo de una realidad en incesante construcci\u00f3n.<\/p>\n<p>[\/vc_column_text][\/vc_column][\/vc_row][vc_row full_width=\u00bbstretch_row_content_no_spaces\u00bb equal_height=\u00bbyes\u00bb css=\u00bb.vc_custom_1487601417739{background-color: #f5f5f5 !important;}\u00bb][vc_column width=\u00bb1\/2&#8243; css=\u00bb.vc_custom_1526562192506{padding-top: 10% !important;padding-right: 15% !important;padding-bottom: 10% !important;padding-left: 15% !important;}\u00bb][vc_column_text css_animation=\u00bbfadeInUp\u00bb]<\/p>\n<h3 style=\"font-size: 29px; line-height: 44px !important;\">UNA NUEVA REALIDAD, DIVERSA E INCLUSIVA<\/h3>\n<p>[\/vc_column_text][vc_column_text]<\/p>\n<p style=\"font-size: 18px; color: #888;\">Analizaremos tambi\u00e9n los dos factores esenciales que posibilitaron el cambio radical de las pol\u00edticas inmigratorias a partir de la d\u00e9cada de los &#8217;70 del siglo XX.<\/p>\n<p style=\"font-size: 18px; color: #888;\">En primer lugar, la insostenible situaci\u00f3n demogr\u00e1fica que enfrentaba Canad\u00e1 en la segunda mitad del siglo y los procesos sociales que la determinaban (entrada de las mujeres al mundo laboral y a la educaci\u00f3n superior, liberalizaci\u00f3n de las costumbres y descenso abrupto de la natalidad). Y, en segundo lugar, las tensiones pol\u00edticas y culturales que amenazaban al pa\u00eds con una divisi\u00f3n inminente.<\/p>\n<p style=\"font-size: 18px; color: #888;\">El modo en el que a partir de esa complej\u00edsima y delicada realidad Canad\u00e1 emprendi\u00f3 la aventura de transformarse en una sociedad multicultural es una paradoja aleccionadora en la que vale la pena sumergirse.<\/p>\n<p>[\/vc_column_text][vc_column_text][\/vc_column_text][\/vc_column][vc_column width=\u00bb1\/2&#8243; css=\u00bb.vc_custom_1526049428820{background-image: url(http:\/\/www.latinasentoronto.org\/cuentame\/wp-content\/uploads\/2018\/05\/employeroftheyear.jpg?id=844) !important;background-position: center !important;background-repeat: no-repeat !important;background-size: cover !important;}\u00bb][\/vc_column][\/vc_row][vc_row full_width=\u00bbstretch_row\u00bb content_placement=\u00bbmiddle\u00bb bg_type=\u00bbimage\u00bb parallax_style=\u00bbvcpb-animated\u00bb bg_image_new=\u00bbid^786|url^http:\/\/www.latinasentoronto.org\/cuentame\/wp-content\/uploads\/2018\/05\/familiallegando2.jpg|caption^null|alt^null|title^familiallegando2|description^null\u00bb css=\u00bb.vc_custom_1525883730958{padding-top: 200px !important;padding-bottom: 200px !important;background-position: center !important;background-repeat: no-repeat !important;background-size: cover !important;}\u00bb][vc_column][vc_column_text css_animation=\u00bbfadeInUp\u00bb]<\/p>\n<blockquote class=\"blockquote\">\n<h1><span style=\"color: #ffffff;\">En nuestro recorrido, ser\u00e1n esenciales las im\u00e1genes. <\/span><span style=\"color: #000000;\"><span style=\"color: #ffffff;\">Ellas nos permitir\u00e1n atisbar los sue\u00f1os y las decepciones, los \u00e9xitos o los sufrimientos de gente valerosa que construy\u00f3 la identidad y la matriz del pa\u00eds que conocemos.<\/span><br \/>\n<\/span><\/h1>\n<\/blockquote>\n<p>[\/vc_column_text][vc_btn title=\u00bb\u00bfTienes una fotograf\u00eda que pueda conmovernos?\u00bb style=\u00bbcustom\u00bb custom_background=\u00bb#f97400&#8243; custom_text=\u00bb#ffffff\u00bb shape=\u00bbsquare\u00bb size=\u00bblg\u00bb align=\u00bbleft\u00bb css_animation=\u00bbbounceIn\u00bb link=\u00bburl:http%3A%2F%2Fwww.latinasentoronto.org%2Fcuentame%2F2017%2F02%2F23%2Fprimera_ola%2F|||\u00bb][\/vc_column][\/vc_row][vc_row bg_type=\u00bbbg_color\u00bb bg_override=\u00bbex-full\u00bb bg_color_value=\u00bbrgba(6,6,17,0.62)\u00bb][vc_column][vc_column_text]<\/p>\n<h3 style=\"text-align: center;\"><span style=\"color: #999999;\"><cite><span style=\"color: #ffffff;\">Cu\u00e9ntame se desarrollar\u00e1 en torno a un eje conceptual definido por dos paradigmas y un punto de vista.<\/span> <\/cite><\/span><\/h3>\n<p>[\/vc_column_text][\/vc_column][\/vc_row][vc_row full_width=\u00bbstretch_row_content_no_spaces\u00bb equal_height=\u00bbyes\u00bb css=\u00bb.vc_custom_1487601417739{background-color: #f5f5f5 !important;}\u00bb][vc_column width=\u00bb1\/2&#8243; css=\u00bb.vc_custom_1526180831320{background-image: url(http:\/\/www.latinasentoronto.org\/cuentame\/wp-content\/uploads\/2018\/05\/hospitalidad1.jpg?id=903) !important;background-position: center !important;background-repeat: no-repeat !important;background-size: cover !important;}\u00bb][\/vc_column][vc_column width=\u00bb1\/2&#8243; css=\u00bb.vc_custom_1526562980021{padding-top: 10% !important;padding-right: 15% !important;padding-bottom: 10% !important;padding-left: 15% !important;}\u00bb][vc_column_text css_animation=\u00bbfadeInUp\u00bb]<\/p>\n<h3 style=\"font-size: 29px; line-height: 44px !important;\">EL PARADIGMA DE LA HOSPITALIDAD&#8230;<\/h3>\n<p>[\/vc_column_text][vc_column_text]<\/p>\n<p style=\"font-size: 18px; color: #888;\">&#8230; se asienta en valores como el auxilio y la solidaridad y es esencial en las situaciones de persecuci\u00f3n y refugio. Sin embargo, entra\u00f1a un riesgo: conceptualizar al otro como mero receptor de ayuda y visibilizarlo m\u00e1s como objeto de asistencia que como sujeto de derechos, extendiendo en el tiempo indefinidamente su extranjer\u00eda y su otredad.<\/p>\n<p>[\/vc_column_text][\/vc_column][\/vc_row][vc_row full_width=\u00bbstretch_row_content_no_spaces\u00bb equal_height=\u00bbyes\u00bb css=\u00bb.vc_custom_1487601417739{background-color: #f5f5f5 !important;}\u00bb][vc_column width=\u00bb1\/2&#8243; css=\u00bb.vc_custom_1526562925382{padding-top: 10% !important;padding-right: 15% !important;padding-bottom: 10% !important;padding-left: 15% !important;}\u00bb][vc_column_text css_animation=\u00bbfadeInUp\u00bb]<\/p>\n<h3 style=\"font-size: 29px; line-height: 44px !important;\">EL PARADIGMA DEL TRANSPLANTE&#8230;<\/h3>\n<p>[\/vc_column_text][vc_column_text]<\/p>\n<p style=\"font-size: 18px; color: #888;\">&#8230;est\u00e1 basado en la concepci\u00f3n de que los y las inmigrantes aportan una alteridad que el cuerpo social necesita para poder continuar evolucionando y que la s\u00f3la presencia del \u00abotro\u00bb nos transforma en algo diferente a lo que \u00e9ramos. Un \u00abotro\u00bb nosotros mismos.<\/p>\n<p>[\/vc_column_text][\/vc_column][vc_column width=\u00bb1\/2&#8243; css=\u00bb.vc_custom_1526091447022{background-image: url(http:\/\/www.latinasentoronto.org\/cuentame\/wp-content\/uploads\/2018\/05\/diversidadinicio.jpg?id=873) !important;background-position: center !important;background-repeat: no-repeat !important;background-size: cover !important;}\u00bb][\/vc_column][\/vc_row][vc_row full_width=\u00bbstretch_row_content_no_spaces\u00bb equal_height=\u00bbyes\u00bb css=\u00bb.vc_custom_1487601417739{background-color: #f5f5f5 !important;}\u00bb][vc_column width=\u00bb1\/2&#8243; css=\u00bb.vc_custom_1526781123112{background-color: #ffffff !important;background-position: center !important;background-repeat: no-repeat !important;background-size: cover !important;}\u00bb][vc_single_image image=\u00bb1270&#8243; img_size=\u00bblarge\u00bb css=\u00bb.vc_custom_1526782051297{padding-top: -20px !important;padding-bottom: -20px !important;}\u00bb][\/vc_column][vc_column width=\u00bb1\/2&#8243; css=\u00bb.vc_custom_1526780900542{padding-top: 10% !important;padding-right: 15% !important;padding-bottom: 10% !important;padding-left: 15% !important;}\u00bb][vc_column_text css_animation=\u00bbfadeInUp\u00bb]<\/p>\n<h3 style=\"font-size: 29px; line-height: 44px !important;\">UNA PERSPECTIVA LATINOAMERICANA<\/h3>\n<p>[\/vc_column_text][vc_column_text]El punto de vista en el cual nos ubicaremos para tratar una tem\u00e1tica tan rica y compleja est\u00e1 ligado a par\u00e1metros culturales y a modos de mirar y apreciar la realidad que conforman (vagamente) lo que podr\u00edamos llamar una <em>perspectiva latinoamericana<\/em>.<\/p>\n<p>Parafraseando a la poeta argentina Eladia Bl\u00e1zquez, tenemos un coraz\u00f3n que (para bien y para mal) mira <em>desde<\/em> el Sur.[\/vc_column_text][\/vc_column][\/vc_row][vc_row bg_type=\u00bbbg_color\u00bb bg_override=\u00bbex-full\u00bb bg_color_value=\u00bbrgba(6,6,17,0.62)\u00bb][vc_column][vc_column_text]<\/p>\n<h3 style=\"text-align: center;\"><span style=\"color: #ffffff;\"><cite>Nuestro marco de trabajo y el set de herramientas<\/cite><\/span><\/h3>\n<p>[\/vc_column_text][\/vc_column][\/vc_row][vc_row css=\u00bb.vc_custom_1526563911636{padding-top: 50px !important;padding-bottom: 50px !important;}\u00bb][vc_column width=\u00bb1\/3&#8243;][ve_infobox alignment=\u00bbcenter\u00bb icon_animation=\u00bbbounce\u00bb title_tag=\u00bbh4&#8243; title_alignment=\u00bbcenter\u00bb css_animation=\u00bbfadeInUp\u00bb title=\u00bb\u00c9nfasis en lo visual\u00bb icon=\u00bblinearicons-camera\u00bb icon_size=\u00bb4rem\u00bb css=\u00bb.vc_custom_1525871250292{padding-bottom: 50px !important;}\u00bb icon_gap=\u00bb0 0 2em 0&#8243;]<\/p>\n<p style=\"text-align: center; font-size: 16px;\">\u00c9nfasis en los aspectos visuales de los temas a tratar para generar v\u00ednculos emocionales que permitan comprender mejor.<\/p>\n<p>[\/ve_infobox][ve_infobox alignment=\u00bbcenter\u00bb icon_animation=\u00bbbounce\u00bb title_tag=\u00bbh4&#8243; title_alignment=\u00bbcenter\u00bb css_animation=\u00bbfadeInUp\u00bb title=\u00bbApuesta a la participaci\u00f3n\u00bb icon=\u00bblinearicons-download\u00bb icon_size=\u00bb4rem\u00bb css=\u00bb.vc_custom_1525873441922{padding-bottom: 50px !important;}\u00bb icon_gap=\u00bb0 0 2em 0&#8243;]<\/p>\n<p style=\"text-align: center; font-size: 16px;\">Apertura a los aportes y los enfoques diferentes como mecanismos de participaci\u00f3n e inclusi\u00f3n efectiva.<\/p>\n<p>[\/ve_infobox][\/vc_column][vc_column width=\u00bb1\/3&#8243;][ve_infobox alignment=\u00bbcenter\u00bb icon_animation=\u00bbbounce\u00bb title_tag=\u00bbh4&#8243; title_alignment=\u00bbcenter\u00bb css_animation=\u00bbfadeInUp\u00bb title=\u00bbM\u00e9todo dial\u00f3gico\u00bb icon=\u00bblinearicons-bubble\u00bb icon_size=\u00bb4rem\u00bb css=\u00bb.vc_custom_1525872568116{padding-bottom: 50px !important;}\u00bb icon_gap=\u00bb0 0 2em 0&#8243;]<\/p>\n<p style=\"text-align: center; font-size: 16px;\">Enfoque en el di\u00e1logo como modo de generar aprendizajes bidireccionales, horizontales y no jerarquizados.<\/p>\n<p>[\/ve_infobox][ve_infobox alignment=\u00bbcenter\u00bb icon_animation=\u00bbbounce\u00bb title_tag=\u00bbh4&#8243; title_alignment=\u00bbcenter\u00bb css_animation=\u00bbfadeInUp\u00bb title=\u00bbNuevas tecnolog\u00edas\u00bb icon=\u00bblinearicons-laptop-phone\u00bb icon_size=\u00bb4rem\u00bb css=\u00bb.vc_custom_1525873948902{padding-bottom: 50px !important;}\u00bb icon_gap=\u00bb0 0 2em 0&#8243;]<\/p>\n<p style=\"text-align: center; font-size: 16px;\">Utilizaci\u00f3n de herramientas de formaci\u00f3n a distancia capaces de alcanzar un p\u00fablico mayor y m\u00e1s diferenciado.<\/p>\n<p>[\/ve_infobox][\/vc_column][vc_column width=\u00bb1\/3&#8243;][ve_infobox alignment=\u00bbcenter\u00bb icon_animation=\u00bbbounce\u00bb title_tag=\u00bbh4&#8243; title_alignment=\u00bbcenter\u00bb css_animation=\u00bbfadeInUp\u00bb title=\u00bbTrabajo colaborativo\u00bb icon=\u00bblinearicons-layers\u00bb icon_size=\u00bb4rem\u00bb css=\u00bb.vc_custom_1525872652816{padding-bottom: 50px !important;}\u00bb icon_gap=\u00bb0 0 2em 0&#8243;]<\/p>\n<p style=\"text-align: center; font-size: 16px;\">Apoyos institucionales que posibilitan los componentes intergeneracionales e interculturales del di\u00e1logo.<\/p>\n<p>[\/ve_infobox][ve_infobox alignment=\u00bbcenter\u00bb icon_animation=\u00bbbounce\u00bb title_tag=\u00bbh4&#8243; title_alignment=\u00bbcenter\u00bb css_animation=\u00bbfadeInUp\u00bb title=\u00bbPromoci\u00f3n del biling\u00fcismo\u00bb icon=\u00bblinearicons-bullhorn\u00bb icon_size=\u00bb4rem\u00bb css=\u00bb.vc_custom_1525874298364{padding-bottom: 50px !important;}\u00bb icon_gap=\u00bb0 0 2em 0&#8243;]<\/p>\n<p style=\"text-align: center; font-size: 16px;\">Apoyo a los esfuerzos por promover la retenci\u00f3n ling\u00fc\u00edstica en la di\u00e1spora latinoamericana en Canad\u00e1.<\/p>\n<p>[\/ve_infobox][\/vc_column][\/vc_row][vc_row bg_type=\u00bbbg_color\u00bb bg_override=\u00bbex-full\u00bb bg_color_value=\u00bbrgba(6,6,17,0.62)\u00bb][vc_column][vc_column_text]<\/p>\n<h3 style=\"text-align: center;\"><span style=\"color: #ffffff;\"><cite>No dejaremos de lado, en este recorrido, las cifras y las estad\u00edsticas con las que cuantificar el complejo paisaje humano que se desarrollar\u00e1 ante nuestros ojos.<\/cite><\/span><\/h3>\n<p>[\/vc_column_text][\/vc_column][\/vc_row][vc_row css=\u00bb.vc_custom_1487598677534{padding-top: 50px !important;padding-bottom: 100px !important;}\u00bb][vc_column width=\u00bb1\/4&#8243;][ve_counter title_tag=\u00bbh3&#8243; title=\u00bbPROMEDIO ANUAL DE INMIGRANTES (\u00daLTIMA D\u00c9CADA)\u00bb value=\u00bb300000&#8243; title_size=\u00bb18px\u00bb counter_size=\u00bb60px\u00bb counter_line_height=\u00bb75px\u00bb][\/vc_column][vc_column width=\u00bb1\/4&#8243;][ve_counter title_tag=\u00bbh3&#8243; title=\u00bbGRUPOS \u00c9TNICOS\u00bb value=\u00bb40&#8243; title_size=\u00bb18px\u00bb counter_size=\u00bb60px\u00bb counter_line_height=\u00bb75px\u00bb][\/vc_column][vc_column width=\u00bb1\/4&#8243;][ve_counter title_tag=\u00bbh3&#8243; title=\u00bbPA\u00cdSES REPRESENTADOS\u00bb value=\u00bb223&#8243; title_size=\u00bb18px\u00bb counter_size=\u00bb60px\u00bb counter_line_height=\u00bb75px\u00bb][\/vc_column][vc_column width=\u00bb1\/4&#8243;][ve_counter title_tag=\u00bbh3&#8243; title=\u00bbLENGUAS HABLADAS\u00bb value=\u00bb107&#8243; title_size=\u00bb18px\u00bb counter_size=\u00bb60px\u00bb counter_line_height=\u00bb75px\u00bb][\/vc_column][\/vc_row][vc_row content_placement=\u00bbmiddle\u00bb css=\u00bb.vc_custom_1487600345374{padding-top: 50px !important;padding-bottom: 100px !important;}\u00bb][vc_column width=\u00bb1\/2&#8243;][vc_column_text]<\/p>\n<blockquote class=\"blockquote\">\n<p style=\"font-size: 18px; color: #888;\">Analizaremos las cifras y las estad\u00edsticas de hoy, pero nos importar\u00e1 especialmente poder compararlas con las del pasado, para poder valorar el aporte esencial de los y las inmigrantes en la sostenibilidad demogr\u00e1fica y el desarrollo econ\u00f3mico, social y pol\u00edtico de Canad\u00e1.<\/p>\n<\/blockquote>\n<p>[\/vc_column_text][\/vc_column][vc_column width=\u00bb1\/2&#8243;][ve_progress_bar style=\u00bbprogress-square\u00bb field=\u00bbHabitantes nacidos fuera del pa\u00eds en 2016&#8243; percentage=\u00bb20.6&#8243; height=\u00bb2px\u00bb css=\u00bb.vc_custom_1526043443108{padding-bottom: 15px !important;}\u00bb][ve_progress_bar style=\u00bbprogress-square\u00bb field=\u00bbInmigrantes provenientes de Asia (2006-2011)\u00bb percentage=\u00bb60&#8243; height=\u00bb2px\u00bb css=\u00bb.vc_custom_1526044165446{padding-bottom: 15px !important;}\u00bb][ve_progress_bar style=\u00bbprogress-square\u00bb field=\u00bbInmigrantes provenientes de Europa (2006-2011)\u00bb percentage=\u00bb14&#8243; height=\u00bb2px\u00bb css=\u00bb.vc_custom_1526044189426{padding-bottom: 15px !important;}\u00bb][ve_progress_bar style=\u00bbprogress-square\u00bb field=\u00bbInmigrantes provenientes de las Am\u00e9ricas y el Caribe (2006-2001)\u00bb percentage=\u00bb14&#8243; height=\u00bb2px\u00bb css=\u00bb.vc_custom_1526044227864{padding-bottom: 15px !important;}\u00bb][ve_progress_bar style=\u00bbprogress-square\u00bb field=\u00bbInmigrantes provenientes de \u00c1frica (2006-2011)\u00bb percentage=\u00bb12&#8243; height=\u00bb2px\u00bb css=\u00bb.vc_custom_1526044252224{padding-bottom: 15px !important;}\u00bb][\/vc_column][\/vc_row][vc_row bg_type=\u00bbbg_color\u00bb bg_override=\u00bbex-full\u00bb bg_color_value=\u00bb#282828&#8243;][vc_column width=\u00bb1\/4&#8243;][vc_single_image image=\u00bb1175&#8243; img_size=\u00bbmedium\u00bb][\/vc_column][vc_column width=\u00bb3\/4&#8243;][vc_column_text]<\/p>\n<h5><span style=\"color: #999999;\"><small>IMAGEN DEL ENCABEZADO<\/small><\/span><\/h5>\n<h5><span style=\"color: #999999;\"><small>Entre 1830 y 1860, decenas de miles de personas de origen africano esclavizadas en los Estados Unidos huyeron hacia M\u00e9xico mientras que otras lo hac\u00edan hacia los Estados del norte y lo que en aquel momento era Upper Canada (hoy Ontario) a trav\u00e9s de la ruta que se llam\u00f3 Underground Railroad.<\/small><\/span><\/h5>\n<h5><span style=\"color: #999999;\"><small>El Underground Railroad era una red informal y difusa de rutas y albergues a lo largo de la cual afroamericanos libres y algunas personas blancas comprometidas con el antiesclavismo colaboraban con quienes hu\u00edan y trataban de establecerse en lugares seguros. <\/small><\/span><\/h5>\n<h5><span style=\"color: #999999;\"><small>Quienes realizaban ese peligros\u00edsimo viaje hacia la libertad pueden ser contabilizados entre los primeros contingentes de inmigrantes llegados al pa\u00eds y con ellos comenzaremos nuestro recorrido.<\/small><\/span><\/h5>\n<h5><\/h5>\n<p>[\/vc_column_text][\/vc_column][\/vc_row][vc_row][vc_column][vc_column_text]<\/p>\n<h3><span style=\"color: #ffffff;\">&#8230;&#8230;&#8230;&#8230;&#8230;&#8230;&#8230;&#8230;<\/span><\/h3>\n<p>[\/vc_column_text][\/vc_column][\/vc_row]<\/p>\n","protected":false},"excerpt":{"rendered":"<p class=\"card-text\">[vc_row][vc_column][vc_column_text] &#8230;&#8230;&#8230;&#8230;&#8230;&#8230;&#8230;&#8230; [\/vc_column_text][\/vc_column][\/vc_row][vc_row][vc_column width=\u00bb1\/6&#8243;][\/vc_column][vc_column width=\u00bb2\/3&#8243;][vc_column_text] [\/vc_column_text][vc_column_text css_animation=\u00bbfadeInUp\u00bb] UN PROYECTO DE DI\u00c1LOGO, MEMORIA, CONSTRUCCI\u00d3N COMUNITARIA Y EMPODERAMIENTO [\/vc_column_text][vc_column_text] El di\u00e1logo, la curiosidad y la investigaci\u00f3n como instrumentos para conocer m\u00e1s y reconocer debidamente el rol jugado por las y los inmigrantes en la construcci\u00f3n cont\u00ednua de una sociedad crecientemente diversa, multicultural e inclusiva. [\/vc_column_text][\/vc_column][vc_column width=\u00bb1\/6&#8243;][\/vc_column][\/vc_row][vc_row full_width=\u00bbstretch_row_content_no_spaces\u00bb [&#8230;]<\/p>\n<p class=\"m-0\"><a class=\"btn btn-outline-secondary btn-read-more\" href=\"https:\/\/www.latinasentoronto.org\/cuentame\/inicio\/\">Read More<\/a><\/p>\n","protected":false},"author":1,"featured_media":0,"parent":0,"menu_order":0,"comment_status":"closed","ping_status":"closed","template":"","meta":{"_bbp_topic_count":0,"_bbp_reply_count":0,"_bbp_total_topic_count":0,"_bbp_total_reply_count":0,"_bbp_voice_count":0,"_bbp_anonymous_reply_count":0,"_bbp_topic_count_hidden":0,"_bbp_reply_count_hidden":0,"_bbp_forum_subforum_count":0,"footnotes":""},"class_list":["post-1511","page","type-page","status-publish","hentry"],"_links":{"self":[{"href":"https:\/\/www.latinasentoronto.org\/cuentame\/wp-json\/wp\/v2\/pages\/1511","targetHints":{"allow":["GET"]}}],"collection":[{"href":"https:\/\/www.latinasentoronto.org\/cuentame\/wp-json\/wp\/v2\/pages"}],"about":[{"href":"https:\/\/www.latinasentoronto.org\/cuentame\/wp-json\/wp\/v2\/types\/page"}],"author":[{"embeddable":true,"href":"https:\/\/www.latinasentoronto.org\/cuentame\/wp-json\/wp\/v2\/users\/1"}],"replies":[{"embeddable":true,"href":"https:\/\/www.latinasentoronto.org\/cuentame\/wp-json\/wp\/v2\/comments?post=1511"}],"version-history":[{"count":2,"href":"https:\/\/www.latinasentoronto.org\/cuentame\/wp-json\/wp\/v2\/pages\/1511\/revisions"}],"predecessor-version":[{"id":2191,"href":"https:\/\/www.latinasentoronto.org\/cuentame\/wp-json\/wp\/v2\/pages\/1511\/revisions\/2191"}],"wp:attachment":[{"href":"https:\/\/www.latinasentoronto.org\/cuentame\/wp-json\/wp\/v2\/media?parent=1511"}],"curies":[{"name":"wp","href":"https:\/\/api.w.org\/{rel}","templated":true}]}}